{"id":1222,"date":"2025-07-27T19:01:42","date_gmt":"2025-07-27T17:01:42","guid":{"rendered":"https:\/\/happening-now.com\/?page_id=1222"},"modified":"2025-07-29T13:56:02","modified_gmt":"2025-07-29T11:56:02","slug":"export","status":"publish","type":"page","link":"https:\/\/happening-now.com\/index.php\/export\/","title":{"rendered":"Calendrier"},"content":{"rendered":"\t\t<div data-elementor-type=\"wp-page\" data-elementor-id=\"1222\" class=\"elementor elementor-1222\" data-elementor-post-type=\"page\">\n\t\t\t\t<div class=\"elementor-element elementor-element-4c767a8 e-flex e-con-boxed e-con e-parent\" data-id=\"4c767a8\" data-element_type=\"container\" data-e-type=\"container\" data-settings=\"{&quot;background_background&quot;:&quot;gradient&quot;}\">\n\t\t\t\t\t<div class=\"e-con-inner\">\n\t\t<div class=\"elementor-element elementor-element-6b50979 e-con-full e-flex e-con e-child\" data-id=\"6b50979\" data-element_type=\"container\" data-e-type=\"container\">\n\t\t\t\t<div class=\"elementor-element elementor-element-c48c81c animated-slow elementor-invisible elementor-widget elementor-widget-heading\" data-id=\"c48c81c\" data-element_type=\"widget\" data-e-type=\"widget\" data-settings=\"{&quot;_animation&quot;:&quot;slideInUp&quot;}\" data-widget_type=\"heading.default\">\n\t\t\t\t\t<h2 class=\"elementor-heading-title elementor-size-default\">Les calendriers d'export<\/h2>\t\t\t\t<\/div>\n\t\t\t\t<div class=\"elementor-element elementor-element-7a5487a elementor-widget elementor-widget-text-editor\" data-id=\"7a5487a\" data-element_type=\"widget\" data-e-type=\"widget\" data-widget_type=\"text-editor.default\">\n\t\t\t\t\t\t\t\t\t<p><strong>Exportez les donn\u00e9es de la plateforme avec nos calendriers d\u2019export rassemblant toutes les informations sur les \u00e9v\u00e9nements importants, les vacances et jours f\u00e9ri\u00e9s nationaux et internationaux.<\/strong><\/p>\t\t\t\t\t\t\t\t<\/div>\n\t\t\t\t<\/div>\n\t\t\t\t\t<\/div>\n\t\t\t\t<\/div>\n\t\t<div class=\"elementor-element elementor-element-2805b72 e-flex e-con-boxed e-con e-parent\" data-id=\"2805b72\" data-element_type=\"container\" data-e-type=\"container\">\n\t\t\t\t\t<div class=\"e-con-inner\">\n\t\t<div class=\"elementor-element elementor-element-c498092 e-con-full e-flex e-con e-child\" data-id=\"c498092\" data-element_type=\"container\" data-e-type=\"container\">\n\t\t\t\t<div class=\"elementor-element elementor-element-e41b42b elementor-widget elementor-widget-spacer\" data-id=\"e41b42b\" data-element_type=\"widget\" data-e-type=\"widget\" data-widget_type=\"spacer.default\">\n\t\t\t\t\t\t\t<div class=\"elementor-spacer\">\n\t\t\t<div class=\"elementor-spacer-inner\"><\/div>\n\t\t<\/div>\n\t\t\t\t\t\t<\/div>\n\t\t\t\t<div class=\"elementor-element elementor-element-140b486 elementor-align-center elementor-widget elementor-widget-button\" data-id=\"140b486\" data-element_type=\"widget\" data-e-type=\"widget\" data-widget_type=\"button.default\">\n\t\t\t\t\t\t\t\t\t\t<a class=\"elementor-button elementor-button-link elementor-size-xl\" href=\"https:\/\/happening-now.com\/index.php\/contact-us\/\">\n\t\t\t\t\t\t<span class=\"elementor-button-content-wrapper\">\n\t\t\t\t\t\t\t\t\t<span class=\"elementor-button-text\">R\u00e9server une d\u00e9mo<\/span>\n\t\t\t\t\t<\/span>\n\t\t\t\t\t<\/a>\n\t\t\t\t\t\t\t\t<\/div>\n\t\t\t\t<div class=\"elementor-element elementor-element-a5ab06a elementor-widget elementor-widget-spacer\" data-id=\"a5ab06a\" data-element_type=\"widget\" data-e-type=\"widget\" data-widget_type=\"spacer.default\">\n\t\t\t\t\t\t\t<div class=\"elementor-spacer\">\n\t\t\t<div class=\"elementor-spacer-inner\"><\/div>\n\t\t<\/div>\n\t\t\t\t\t\t<\/div>\n\t\t\t\t<\/div>\n\t\t\t\t\t<\/div>\n\t\t\t\t<\/div>\n\t\t\t\t<\/div>\n\t\t","protected":false},"excerpt":{"rendered":"<p>Les calendriers d&rsquo;export Exportez les donn\u00e9es de la plateforme avec nos calendriers d\u2019export rassemblant toutes les informations sur les \u00e9v\u00e9nements importants, les vacances et jours f\u00e9ri\u00e9s nationaux et internationaux. R\u00e9server une d\u00e9mo<\/p>\n","protected":false},"author":1,"featured_media":0,"parent":0,"menu_order":0,"comment_status":"closed","ping_status":"closed","template":"","meta":{"footnotes":""},"class_list":["post-1222","page","type-page","status-publish","hentry"],"_links":{"self":[{"href":"https:\/\/happening-now.com\/index.php\/wp-json\/wp\/v2\/pages\/1222","targetHints":{"allow":["GET"]}}],"collection":[{"href":"https:\/\/happening-now.com\/index.php\/wp-json\/wp\/v2\/pages"}],"about":[{"href":"https:\/\/happening-now.com\/index.php\/wp-json\/wp\/v2\/types\/page"}],"author":[{"embeddable":true,"href":"https:\/\/happening-now.com\/index.php\/wp-json\/wp\/v2\/users\/1"}],"replies":[{"embeddable":true,"href":"https:\/\/happening-now.com\/index.php\/wp-json\/wp\/v2\/comments?post=1222"}],"version-history":[{"count":18,"href":"https:\/\/happening-now.com\/index.php\/wp-json\/wp\/v2\/pages\/1222\/revisions"}],"predecessor-version":[{"id":1553,"href":"https:\/\/happening-now.com\/index.php\/wp-json\/wp\/v2\/pages\/1222\/revisions\/1553"}],"wp:attachment":[{"href":"https:\/\/happening-now.com\/index.php\/wp-json\/wp\/v2\/media?parent=1222"}],"curies":[{"name":"wp","href":"https:\/\/api.w.org\/{rel}","templated":true}]}}